{"id":30,"date":"2012-07-06T02:50:47","date_gmt":"2012-07-06T01:50:47","guid":{"rendered":"http:\/\/www.campingdelaigrette.com\/en\/?page_id=30"},"modified":"2019-04-07T09:31:30","modified_gmt":"2019-04-07T08:31:30","slug":"booking","status":"publish","type":"page","link":"https:\/\/www.campingdelaigrette.com\/en\/booking\/","title":{"rendered":"Booking"},"content":{"rendered":"<p><span style=\"vertical-align: inherit;\"><span style=\"vertical-align: inherit;\"><span style=\"vertical-align: inherit;\"><span style=\"vertical-align: inherit;\">Vous \u00eates dans la page o\u00f9 vous pouvez trouver notre formulaire de r\u00e9servation.<\/span><\/span><\/span><\/span><\/p>\n<p><span style=\"vertical-align: inherit;\"><span style=\"vertical-align: inherit;\"><span style=\"vertical-align: inherit;\"><span style=\"vertical-align: inherit;\">Nous organisons fr\u00e9quemment des offres promotionnelles sur nos diff\u00e9rents types d&rsquo;h\u00e9bergement. <\/span><\/span><\/span><span style=\"vertical-align: inherit;\"><span style=\"vertical-align: inherit;\"><span style=\"vertical-align: inherit;\">Vous pouvez visualiser et faire une r\u00e9servation directement, en entrant les crit\u00e8res.<\/span><\/span><\/span><\/span><\/p>\n<p><strong><a id=\"mybutton\" href=\"https:\/\/www.sydevnet3.com\/Aigrette\/UK\/reservation.php\"><span style=\"vertical-align: inherit;\"><span style=\"vertical-align: inherit;\"><span style=\"vertical-align: inherit;\"><span style=\"vertical-align: inherit;\">R\u00e9servation en ligne<\/span><\/span><\/span><\/span><\/a><\/strong><\/p>\n<p><span style=\"vertical-align: inherit;\"><span style=\"vertical-align: inherit;\"><span style=\"vertical-align: inherit;\"><span style=\"vertical-align: inherit;\">Vous pouvez \u00e9galement nous contacter par t\u00e9l\u00e9phone au num\u00e9ro suivant: +33 (0) 3 44 42 15 97.<\/span><\/span><\/span><\/span><\/p>\n<p><span style=\"vertical-align: inherit;\"><span style=\"vertical-align: inherit;\"><span style=\"vertical-align: inherit;\"><span style=\"vertical-align: inherit;\"><div class=\"wpcf7 no-js\" id=\"wpcf7-f6-o1\" lang=\"en-US\" dir=\"ltr\">\n<div class=\"screen-reader-response\"><p role=\"status\" aria-live=\"polite\" aria-atomic=\"true\"><\/p> <ul><\/ul><\/div>\n<form action=\"\/en\/wp-json\/wp\/v2\/pages\/30#wpcf7-f6-o1\" method=\"post\" class=\"wpcf7-form init\" aria-label=\"Contact form\" novalidate=\"novalidate\" data-status=\"init\">\n<div style=\"display: none;\">\n<input type=\"hidden\" name=\"_wpcf7\" value=\"6\" \/>\n<input type=\"hidden\" name=\"_wpcf7_version\" value=\"5.7.2\" \/>\n<input type=\"hidden\" name=\"_wpcf7_locale\" value=\"en_US\" \/>\n<input type=\"hidden\" name=\"_wpcf7_unit_tag\" value=\"wpcf7-f6-o1\" \/>\n<input type=\"hidden\" name=\"_wpcf7_container_post\" value=\"0\" \/>\n<input type=\"hidden\" name=\"_wpcf7_posted_data_hash\" value=\"\" \/>\n<\/div>\n<p class=\"left\">Your message\n<\/p>\n<p><span class=\"wpcf7-form-control-wrap\" data-name=\"your-message\"><textarea cols=\"40\" rows=\"10\" class=\"wpcf7-form-control wpcf7-textarea\" aria-invalid=\"false\" name=\"your-message\"><\/textarea><\/span>\n<\/p>\n<p>Your name (required)\n<\/p>\n<p><span class=\"wpcf7-form-control-wrap\" data-name=\"your-name\"><input size=\"40\" class=\"wpcf7-form-control wpcf7-text wpcf7-validates-as-required\" aria-required=\"true\" aria-invalid=\"false\" value=\"\" type=\"text\" name=\"your-name\" \/><\/span>\n<\/p>\n<p>Your email (required)\n<\/p>\n<p><span class=\"wpcf7-form-control-wrap\" data-name=\"your-email\"><input size=\"40\" class=\"wpcf7-form-control wpcf7-text wpcf7-email wpcf7-validates-as-required wpcf7-validates-as-email\" aria-required=\"true\" aria-invalid=\"false\" value=\"\" type=\"email\" name=\"your-email\" \/><\/span>\n<\/p>\n<p>Subject\n<\/p>\n<p><span class=\"wpcf7-form-control-wrap\" data-name=\"your-subject\"><input size=\"40\" class=\"wpcf7-form-control wpcf7-text\" aria-invalid=\"false\" value=\"\" type=\"text\" name=\"your-subject\" \/><\/span>\n<\/p>\n<p><span class=\"wpcf7-form-control-wrap\" data-name=\"acceptance-661\"><span class=\"wpcf7-form-control wpcf7-acceptance\"><span class=\"wpcf7-list-item\"><label><input type=\"checkbox\" name=\"acceptance-661\" value=\"1\" aria-invalid=\"false\" \/><span class=\"wpcf7-list-item-label\">By submitting this form, I agree that the information entered may be stored and used to ensure that my request is properly processed.<\/span><\/label><\/span><\/span><\/span>\n<\/p>\n<p><input class=\"wpcf7-form-control has-spinner wpcf7-submit\" type=\"submit\" value=\"Send\" \/>\n<\/p><p style=\"display: none !important;\"><label>&#916;<textarea name=\"_wpcf7_ak_hp_textarea\" cols=\"45\" rows=\"8\" maxlength=\"100\"><\/textarea><\/label><input type=\"hidden\" id=\"ak_js_1\" name=\"_wpcf7_ak_js\" value=\"31\"\/><script>document.getElementById( \"ak_js_1\" ).setAttribute( \"value\", ( new Date() ).getTime() );<\/script><\/p><div class=\"wpcf7-response-output\" aria-hidden=\"true\"><\/div><\/form><\/div><\/span><\/span><\/span><\/span><\/p>\n","protected":false},"excerpt":{"rendered":"<p>Vous \u00eates dans la page o\u00f9 vous pouvez trouver notre formulaire de r\u00e9servation. Nous organisons fr\u00e9quemment des offres promotionnelles sur nos diff\u00e9rents types d&rsquo;h\u00e9bergement. Vous pouvez visualiser et faire une r\u00e9servation directement, en entrant les crit\u00e8res. R\u00e9servation en ligne Vous &hellip; <a href=\"https:\/\/www.campingdelaigrette.com\/en\/booking\/\">Lire la suite <span class=\"meta-nav\">&rarr;<\/span><\/a><\/p>\n","protected":false},"author":1,"featured_media":0,"parent":0,"menu_order":0,"comment_status":"closed","ping_status":"closed","template":"","meta":{"footnotes":""},"class_list":["post-30","page","type-page","status-publish","hentry"],"yoast_head":"<!-- This site is optimized with the Yoast SEO plugin v20.0 - https:\/\/yoast.com\/wordpress\/plugins\/seo\/ -->\n<title>Booking - The Camping de l&#039;Aigrette<\/title>\n<meta name=\"robots\" content=\"index, follow, max-snippet:-1, max-image-preview:large, max-video-preview:-1\" \/>\n<link rel=\"canonical\" href=\"https:\/\/www.campingdelaigrette.com\/en\/booking\/\" \/>\n<meta property=\"og:locale\" content=\"fr_FR\" \/>\n<meta property=\"og:type\" content=\"article\" \/>\n<meta property=\"og:title\" content=\"Booking - The Camping de l&#039;Aigrette\" \/>\n<meta property=\"og:description\" content=\"Vous \u00eates dans la page o\u00f9 vous pouvez trouver notre formulaire de r\u00e9servation. Nous organisons fr\u00e9quemment des offres promotionnelles sur nos diff\u00e9rents types d&rsquo;h\u00e9bergement. Vous pouvez visualiser et faire une r\u00e9servation directement, en entrant les crit\u00e8res. R\u00e9servation en ligne Vous &hellip; Lire la suite &rarr;\" \/>\n<meta property=\"og:url\" content=\"https:\/\/www.campingdelaigrette.com\/en\/booking\/\" \/>\n<meta property=\"og:site_name\" content=\"The Camping de l&#039;Aigrette\" \/>\n<meta property=\"article:modified_time\" content=\"2019-04-07T08:31:30+00:00\" \/>\n<meta name=\"twitter:card\" content=\"summary_large_image\" \/>\n<script type=\"application\/ld+json\" class=\"yoast-schema-graph\">{\"@context\":\"https:\/\/schema.org\",\"@graph\":[{\"@type\":\"WebPage\",\"@id\":\"https:\/\/www.campingdelaigrette.com\/en\/booking\/\",\"url\":\"https:\/\/www.campingdelaigrette.com\/en\/booking\/\",\"name\":\"Booking - The Camping de l&#039;Aigrette\",\"isPartOf\":{\"@id\":\"https:\/\/www.campingdelaigrette.com\/en\/#website\"},\"datePublished\":\"2012-07-06T01:50:47+00:00\",\"dateModified\":\"2019-04-07T08:31:30+00:00\",\"breadcrumb\":{\"@id\":\"https:\/\/www.campingdelaigrette.com\/en\/booking\/#breadcrumb\"},\"inLanguage\":\"fr-FR\",\"potentialAction\":[{\"@type\":\"ReadAction\",\"target\":[\"https:\/\/www.campingdelaigrette.com\/en\/booking\/\"]}]},{\"@type\":\"BreadcrumbList\",\"@id\":\"https:\/\/www.campingdelaigrette.com\/en\/booking\/#breadcrumb\",\"itemListElement\":[{\"@type\":\"ListItem\",\"position\":1,\"name\":\"Accueil\",\"item\":\"https:\/\/www.campingdelaigrette.com\/en\/\"},{\"@type\":\"ListItem\",\"position\":2,\"name\":\"Booking\"}]},{\"@type\":\"WebSite\",\"@id\":\"https:\/\/www.campingdelaigrette.com\/en\/#website\",\"url\":\"https:\/\/www.campingdelaigrette.com\/en\/\",\"name\":\"The Camping de l&#039;Aigrette\",\"description\":\"\",\"potentialAction\":[{\"@type\":\"SearchAction\",\"target\":{\"@type\":\"EntryPoint\",\"urlTemplate\":\"https:\/\/www.campingdelaigrette.com\/en\/?s={search_term_string}\"},\"query-input\":\"required name=search_term_string\"}],\"inLanguage\":\"fr-FR\"}]}<\/script>\n<!-- \/ Yoast SEO plugin. -->","yoast_head_json":{"title":"Booking - The Camping de l&#039;Aigrette","robots":{"index":"index","follow":"follow","max-snippet":"max-snippet:-1","max-image-preview":"max-image-preview:large","max-video-preview":"max-video-preview:-1"},"canonical":"https:\/\/www.campingdelaigrette.com\/en\/booking\/","og_locale":"fr_FR","og_type":"article","og_title":"Booking - The Camping de l&#039;Aigrette","og_description":"Vous \u00eates dans la page o\u00f9 vous pouvez trouver notre formulaire de r\u00e9servation. Nous organisons fr\u00e9quemment des offres promotionnelles sur nos diff\u00e9rents types d&rsquo;h\u00e9bergement. Vous pouvez visualiser et faire une r\u00e9servation directement, en entrant les crit\u00e8res. R\u00e9servation en ligne Vous &hellip; Lire la suite &rarr;","og_url":"https:\/\/www.campingdelaigrette.com\/en\/booking\/","og_site_name":"The Camping de l&#039;Aigrette","article_modified_time":"2019-04-07T08:31:30+00:00","twitter_card":"summary_large_image","schema":{"@context":"https:\/\/schema.org","@graph":[{"@type":"WebPage","@id":"https:\/\/www.campingdelaigrette.com\/en\/booking\/","url":"https:\/\/www.campingdelaigrette.com\/en\/booking\/","name":"Booking - The Camping de l&#039;Aigrette","isPartOf":{"@id":"https:\/\/www.campingdelaigrette.com\/en\/#website"},"datePublished":"2012-07-06T01:50:47+00:00","dateModified":"2019-04-07T08:31:30+00:00","breadcrumb":{"@id":"https:\/\/www.campingdelaigrette.com\/en\/booking\/#breadcrumb"},"inLanguage":"fr-FR","potentialAction":[{"@type":"ReadAction","target":["https:\/\/www.campingdelaigrette.com\/en\/booking\/"]}]},{"@type":"BreadcrumbList","@id":"https:\/\/www.campingdelaigrette.com\/en\/booking\/#breadcrumb","itemListElement":[{"@type":"ListItem","position":1,"name":"Accueil","item":"https:\/\/www.campingdelaigrette.com\/en\/"},{"@type":"ListItem","position":2,"name":"Booking"}]},{"@type":"WebSite","@id":"https:\/\/www.campingdelaigrette.com\/en\/#website","url":"https:\/\/www.campingdelaigrette.com\/en\/","name":"The Camping de l&#039;Aigrette","description":"","potentialAction":[{"@type":"SearchAction","target":{"@type":"EntryPoint","urlTemplate":"https:\/\/www.campingdelaigrette.com\/en\/?s={search_term_string}"},"query-input":"required name=search_term_string"}],"inLanguage":"fr-FR"}]}},"_links":{"self":[{"href":"https:\/\/www.campingdelaigrette.com\/en\/wp-json\/wp\/v2\/pages\/30","targetHints":{"allow":["GET"]}}],"collection":[{"href":"https:\/\/www.campingdelaigrette.com\/en\/wp-json\/wp\/v2\/pages"}],"about":[{"href":"https:\/\/www.campingdelaigrette.com\/en\/wp-json\/wp\/v2\/types\/page"}],"author":[{"embeddable":true,"href":"https:\/\/www.campingdelaigrette.com\/en\/wp-json\/wp\/v2\/users\/1"}],"replies":[{"embeddable":true,"href":"https:\/\/www.campingdelaigrette.com\/en\/wp-json\/wp\/v2\/comments?post=30"}],"version-history":[{"count":11,"href":"https:\/\/www.campingdelaigrette.com\/en\/wp-json\/wp\/v2\/pages\/30\/revisions"}],"predecessor-version":[{"id":229,"href":"https:\/\/www.campingdelaigrette.com\/en\/wp-json\/wp\/v2\/pages\/30\/revisions\/229"}],"wp:attachment":[{"href":"https:\/\/www.campingdelaigrette.com\/en\/wp-json\/wp\/v2\/media?parent=30"}],"curies":[{"name":"wp","href":"https:\/\/api.w.org\/{rel}","templated":true}]}}